{"id":14,"date":"2018-12-13T11:45:02","date_gmt":"2018-12-13T11:45:02","guid":{"rendered":"https:\/\/staging.hosting117784.a2f78.netcup.net\/?page_id=14"},"modified":"2020-04-28T13:42:12","modified_gmt":"2020-04-28T13:42:12","slug":"laermschutz","status":"publish","type":"page","link":"https:\/\/schallschutzberatung-ber.de\/?page_id=14","title":{"rendered":"L\u00e4rmschutz"},"content":{"rendered":"\n<p><\/p>\n\n\n\n<p>Wir beraten interessierte B\u00fcrger zum Schallschutzprogramm des Flughafens BER. Wir vermitteln die Pr\u00fcfung durch einen Gutachter, wenn dies die Ermittlung der Schallschutzma\u00dfnahmen durch den Flughafen erfordert. Die n\u00e4chsten Termine unserer Gutachter finden Sie im Kalender. Des weiteren informieren wir zum Umgang mit L\u00e4rm. Bitte vereinbaren Sie vorab einen Termin unter der Telefonnummer 030 6341079-00 oder per E-Mail: <a href=\"mailto:info@schallschutzberatung-ber.de\">info@schallschutzberatung-ber.de<\/a><\/p>\n\n\n\n<p>F\u00fcr den Flughafen BER wurde ein L\u00e4rmschutzbereich festgelegt. Zust\u00e4ndig f\u00fcr die Antragsbearbeitung f\u00fcr Erstattungen nach dem Flugl\u00e4rmgesetz ist das <a aria-label=\"F\u00fcr den Flughafen BER wurde ein L\u00e4rmschutzbereich festgelegt. Zust\u00e4ndig f\u00fcr die Antragsbearbeitung f\u00fcr Erstattungen nach dem Flugl\u00e4rmgesetz ist das Landesamt f\u00fcr Umwelt (LfU). (\u00f6ffnet in neuem Tab)\" href=\"https:\/\/lfu.brandenburg.de\/cms\/detail.php\/bb1.c.285413.de\" target=\"_blank\" rel=\"noreferrer noopener\">Landesamt f\u00fcr Umwelt (LfU)<\/a>.<\/p>\n\n\n\n<p><strong>Die wichtigsten Links finden Sie hier:<\/strong> <\/p>\n\n\n\n<p><a rel=\"noreferrer noopener\" href=\"https:\/\/mlul.brandenburg.de\/cms\/media.php\/lbm1.a.3310.de\/erlaeuterung_laermschutzbereich.pdf\" target=\"_blank\">Erl\u00e4uterungen zur Festsetzung des L\u00e4rmschutzbereiches<\/a>\uf001<\/p>\n\n\n\n<p><a aria-label=\"Brandenburgische Verordnung \u00fcber die Festsetzung des L\u00e4rmschutzbereichs f\u00fcr den Verkehrsflughafen Berlin Brandenburg vom 7. August 2013  (\u00f6ffnet in neuem Tab)\" rel=\"noreferrer noopener\" href=\"https:\/\/mlul.brandenburg.de\/cms\/media.php\/lbm1.a.3310.de\/gvbl_2013_61.pdf\" target=\"_blank\">Brandenburgische Verordnung \u00fcber die Festsetzung des L\u00e4rmschutzbereichs f\u00fcr den Verkehrsflughafen Berlin Brandenburg vom 7. August 2013<\/a> <\/p>\n","protected":false},"excerpt":{"rendered":"<p>Wir beraten interessierte B\u00fcrger zum Schallschutzprogramm des Flughafens BER. Wir vermitteln die Pr\u00fcfung durch einen Gutachter, wenn dies die Ermittlung der Schallschutzma\u00dfnahmen durch den Flughafen erfordert. Die n\u00e4chsten Termine unserer Gutachter finden Sie im Kalender. Des weiteren informieren wir zum<\/p>\n","protected":false},"author":1,"featured_media":0,"parent":0,"menu_order":2,"comment_status":"closed","ping_status":"closed","template":"","meta":{"footnotes":""},"class_list":["post-14","page","type-page","status-publish","hentry"],"_links":{"self":[{"href":"https:\/\/schallschutzberatung-ber.de\/index.php?rest_route=\/wp\/v2\/pages\/14","targetHints":{"allow":["GET"]}}],"collection":[{"href":"https:\/\/schallschutzberatung-ber.de\/index.php?rest_route=\/wp\/v2\/pages"}],"about":[{"href":"https:\/\/schallschutzberatung-ber.de\/index.php?rest_route=\/wp\/v2\/types\/page"}],"author":[{"embeddable":true,"href":"https:\/\/schallschutzberatung-ber.de\/index.php?rest_route=\/wp\/v2\/users\/1"}],"replies":[{"embeddable":true,"href":"https:\/\/schallschutzberatung-ber.de\/index.php?rest_route=%2Fwp%2Fv2%2Fcomments&post=14"}],"version-history":[{"count":11,"href":"https:\/\/schallschutzberatung-ber.de\/index.php?rest_route=\/wp\/v2\/pages\/14\/revisions"}],"predecessor-version":[{"id":310,"href":"https:\/\/schallschutzberatung-ber.de\/index.php?rest_route=\/wp\/v2\/pages\/14\/revisions\/310"}],"wp:attachment":[{"href":"https:\/\/schallschutzberatung-ber.de\/index.php?rest_route=%2Fwp%2Fv2%2Fmedia&parent=14"}],"curies":[{"name":"wp","href":"https:\/\/api.w.org\/{rel}","templated":true}]}}